{"id":2456,"date":"2024-04-03T19:56:04","date_gmt":"2024-04-03T19:56:04","guid":{"rendered":"https:\/\/resources.rubra.com\/update\/"},"modified":"2025-02-18T13:27:34","modified_gmt":"2025-02-18T13:27:34","slug":"update","status":"publish","type":"page","link":"https:\/\/rubra.com\/de\/update\/","title":{"rendered":"Update"},"content":{"rendered":"\t\t<div data-elementor-type=\"wp-page\" data-elementor-id=\"2456\" class=\"elementor elementor-2456 elementor-2356\">\n\t\t\t\t<div class=\"elementor-element elementor-element-24e851a e-grid e-con-boxed e-con e-parent\" data-id=\"24e851a\" data-element_type=\"container\" data-settings=\"{&quot;background_background&quot;:&quot;classic&quot;}\" data-core-v316-plus=\"true\">\n\t\t\t\t\t<div class=\"e-con-inner\">\n\t\t<div class=\"elementor-element elementor-element-efe154a e-flex e-con-boxed e-con e-child\" data-id=\"efe154a\" data-element_type=\"container\">\n\t\t\t\t\t<div class=\"e-con-inner\">\n\t\t\t\t<div class=\"elementor-element elementor-element-a5b92ed elementor-widget elementor-widget-heading\" data-id=\"a5b92ed\" data-element_type=\"widget\" data-widget_type=\"heading.default\">\n\t\t\t\t<div class=\"elementor-widget-container\">\n\t\t\t<style>\/*! elementor - v3.20.0 - 20-03-2024 *\/\n.elementor-heading-title{padding:0;margin:0;line-height:1}.elementor-widget-heading .elementor-heading-title[class*=elementor-size-]>a{color:inherit;font-size:inherit;line-height:inherit}.elementor-widget-heading .elementor-heading-title.elementor-size-small{font-size:15px}.elementor-widget-heading .elementor-heading-title.elementor-size-medium{font-size:19px}.elementor-widget-heading .elementor-heading-title.elementor-size-large{font-size:29px}.elementor-widget-heading .elementor-heading-title.elementor-size-xl{font-size:39px}.elementor-widget-heading .elementor-heading-title.elementor-size-xxl{font-size:59px}<\/style><h3 class=\"elementor-heading-title elementor-size-default\">Lynx Update (1.3.0)<\/h3>\t\t<\/div>\n\t\t\t\t<\/div>\n\t\t\t\t<div class=\"elementor-element elementor-element-88f7618 elementor-widget elementor-widget-text-editor\" data-id=\"88f7618\" data-element_type=\"widget\" data-widget_type=\"text-editor.default\">\n\t\t\t\t<div class=\"elementor-widget-container\">\n\t\t\t<style>\/*! elementor - v3.20.0 - 20-03-2024 *\/\n.elementor-widget-text-editor.elementor-drop-cap-view-stacked .elementor-drop-cap{background-color:#69727d;color:#fff}.elementor-widget-text-editor.elementor-drop-cap-view-framed .elementor-drop-cap{color:#69727d;border:3px solid;background-color:transparent}.elementor-widget-text-editor:not(.elementor-drop-cap-view-default) .elementor-drop-cap{margin-top:8px}.elementor-widget-text-editor:not(.elementor-drop-cap-view-default) .elementor-drop-cap-letter{width:1em;height:1em}.elementor-widget-text-editor .elementor-drop-cap{float:left;text-align:center;line-height:1;font-size:50px}.elementor-widget-text-editor .elementor-drop-cap-letter{display:inline-block}<\/style>\t\t\t\t<p>18. Februar, 2025<\/p>\n\t\t\t\t\t\t<\/div>\n\t\t\t\t<\/div>\n\t\t\t\t<div class=\"elementor-element elementor-element-f9942d8 elementor-widget elementor-widget-text-editor\" data-id=\"f9942d8\" data-element_type=\"widget\" data-widget_type=\"text-editor.default\">\n\t\t\t\t<div class=\"elementor-widget-container\">\n\t\t\t\t\t\t\t<p>Alle paar Monate aktualisieren wir rubra, um die Funktionalit\u00e4t und Benutzerfreundlichkeit zu verbessern, damit du rubra noch besser in deinem t\u00e4glichen Leben nutzen kannst. Lese im Folgenden, was dieses Update beinhaltet. <\/p>\n\t\t\t\t\t\t<\/div>\n\t\t\t\t<\/div>\n\t\t\t\t\t<\/div>\n\t\t\t\t<\/div>\n\t\t\t\t<div class=\"elementor-element elementor-element-35e7f23 elementor-widget elementor-widget-image\" data-id=\"35e7f23\" data-element_type=\"widget\" data-widget_type=\"image.default\">\n\t\t\t\t<div class=\"elementor-widget-container\">\n\t\t\t<style>\/*! elementor - v3.20.0 - 20-03-2024 *\/\n.elementor-widget-image{text-align:center}.elementor-widget-image a{display:inline-block}.elementor-widget-image a img[src$=\".svg\"]{width:48px}.elementor-widget-image img{vertical-align:middle;display:inline-block}<\/style>\t\t\t\t\t\t\t\t\t\t<img fetchpriority=\"high\" decoding=\"async\" width=\"800\" height=\"450\" src=\"https:\/\/rubra.com\/wp-content\/uploads\/2025\/02\/lynx.jpg\" class=\"attachment-large size-large wp-image-3390\" alt=\"\" srcset=\"https:\/\/rubra.com\/wp-content\/uploads\/2025\/02\/lynx.jpg 800w, https:\/\/rubra.com\/wp-content\/uploads\/2025\/02\/lynx-300x169.jpg 300w, https:\/\/rubra.com\/wp-content\/uploads\/2025\/02\/lynx-768x432.jpg 768w, https:\/\/rubra.com\/wp-content\/uploads\/2025\/02\/lynx-53x30.jpg 53w, https:\/\/rubra.com\/wp-content\/uploads\/2025\/02\/lynx-142x80.jpg 142w, https:\/\/rubra.com\/wp-content\/uploads\/2025\/02\/lynx-394x222.jpg 394w\" sizes=\"(max-width: 800px) 100vw, 800px\" \/>\t\t\t\t\t\t\t\t\t\t\t\t\t<\/div>\n\t\t\t\t<\/div>\n\t\t\t\t\t<\/div>\n\t\t\t\t<\/div>\n\t\t<div class=\"elementor-element elementor-element-1bf9d88 e-flex e-con-boxed e-con e-parent\" data-id=\"1bf9d88\" data-element_type=\"container\" data-core-v316-plus=\"true\">\n\t\t\t\t\t<div class=\"e-con-inner\">\n\t\t<div class=\"elementor-element elementor-element-5b90287 e-flex e-con-boxed e-con e-child\" data-id=\"5b90287\" data-element_type=\"container\">\n\t\t\t\t\t<div class=\"e-con-inner\">\n\t\t\t\t<div class=\"elementor-element elementor-element-d5949d2 elementor-widget elementor-widget-themo-blog\" data-id=\"d5949d2\" data-element_type=\"widget\" data-widget_type=\"themo-blog.default\">\n\t\t\t\t<div class=\"elementor-widget-container\">\n\t\t\t\n                                <div class=\"thmv-blog-post thmv-post-styl-2  image-alignment-alternate\">\n                                                <div class=\"thmv-column image-alignment-alternate\">\n                                                       <div class=\"thmv-grid-img\">\n                                <a href=\"https:\/\/rubra.com\/de\/lynx-de\/untersammlungen\/\"><img decoding=\"async\" width=\"768\" height=\"432\" src=\"https:\/\/rubra.com\/wp-content\/uploads\/2025\/01\/sub-collections-768x432.png\" class=\"attachment-medium_large size-medium_large wp-image-3366\" alt=\"\" srcset=\"https:\/\/rubra.com\/wp-content\/uploads\/2025\/01\/sub-collections-768x432.png 768w, https:\/\/rubra.com\/wp-content\/uploads\/2025\/01\/sub-collections-300x169.png 300w, https:\/\/rubra.com\/wp-content\/uploads\/2025\/01\/sub-collections-53x30.png 53w, https:\/\/rubra.com\/wp-content\/uploads\/2025\/01\/sub-collections-142x80.png 142w, https:\/\/rubra.com\/wp-content\/uploads\/2025\/01\/sub-collections-394x222.png 394w, https:\/\/rubra.com\/wp-content\/uploads\/2025\/01\/sub-collections.png 800w\" sizes=\"(max-width: 768px) 100vw, 768px\" \/><\/a>\n                            <\/div>\n                                                        <div class=\"thmv-info\">\n                                <div class=\"thmv-subheading\">\n                                                                                                         <\/div>\n                                                                <h3 class=\"post-title\"><a href=\"https:\/\/rubra.com\/de\/lynx-de\/untersammlungen\/\">Untersammlungen<\/a><\/h3>\n                                <div class=\"entry-content\"><p>Um deine Eintr\u00e4ge besser zu sortieren, kannst du jetzt Untersammlungen in deinen Sammlungen anlegen. Gehe dazu zu einer deiner Sammlungen und klicke auf die Schaltfl\u00e4che Untersammlungen erstellen. W\u00e4hle den Namen der Untersammlung und die Standardeinstellungen und klicke auf Erstellen. Du &hellip;<\/p><\/div>\n                                <a class=\"thmv-learn-btn thmv-w-100\" href=\"https:\/\/rubra.com\/de\/lynx-de\/untersammlungen\/\">Mehr lesen                                                                                                             <svg width=\"16\" height=\"16\" viewBox=\"0 0 16 16\" fill=\"none\" xmlns=\"http:\/\/www.w3.org\/2000\/svg\">\n                                        <path d=\"M-0.000156792 8.92L-0.000156705 6.92L11.9998 6.92L6.49984 1.42L7.91984 -3.46194e-07L15.8398 7.92L7.91984 15.84L6.49984 14.42L11.9998 8.92L-0.000156792 8.92Z\" fill=\"#171818\"><\/path>\n                                    <\/svg>\n                                                                    <\/a>\n                            <\/div>\n                        <\/div>\n                                                <div class=\"thmv-column image-alignment-alternate\">\n                                                       <div class=\"thmv-grid-img\">\n                                <a href=\"https:\/\/rubra.com\/de\/lynx-de\/benutzerzugriff-fuer-untersammlungen\/\"><img decoding=\"async\" width=\"768\" height=\"432\" src=\"https:\/\/rubra.com\/wp-content\/uploads\/2025\/01\/user-access-768x432.png\" class=\"attachment-medium_large size-medium_large wp-image-3346\" alt=\"\" srcset=\"https:\/\/rubra.com\/wp-content\/uploads\/2025\/01\/user-access-768x432.png 768w, https:\/\/rubra.com\/wp-content\/uploads\/2025\/01\/user-access-300x169.png 300w, https:\/\/rubra.com\/wp-content\/uploads\/2025\/01\/user-access-53x30.png 53w, https:\/\/rubra.com\/wp-content\/uploads\/2025\/01\/user-access-142x80.png 142w, https:\/\/rubra.com\/wp-content\/uploads\/2025\/01\/user-access-394x222.png 394w, https:\/\/rubra.com\/wp-content\/uploads\/2025\/01\/user-access.png 800w\" sizes=\"(max-width: 768px) 100vw, 768px\" \/><\/a>\n                            <\/div>\n                                                        <div class=\"thmv-info\">\n                                <div class=\"thmv-subheading\">\n                                                                                                         <\/div>\n                                                                <h3 class=\"post-title\"><a href=\"https:\/\/rubra.com\/de\/lynx-de\/benutzerzugriff-fuer-untersammlungen\/\">Benutzerzugriff f\u00fcr Untersammlungen<\/a><\/h3>\n                                <div class=\"entry-content\"><p>Wenn du eine Untersammlung in einer geteilten Sammlung erstellt hast, kannst du festlegen, welche der eingeladenen Personen die Untersammlung sehen k\u00f6nnen und welche nicht. Klicke dazu im Dropdown-Men\u00fc auf Benutzerzugang. W\u00e4hle dann die Personen aus, die die Untersammlung sehen k\u00f6nnen &hellip;<\/p><\/div>\n                                <a class=\"thmv-learn-btn thmv-w-100\" href=\"https:\/\/rubra.com\/de\/lynx-de\/benutzerzugriff-fuer-untersammlungen\/\">Mehr lesen                                                                                                             <svg width=\"16\" height=\"16\" viewBox=\"0 0 16 16\" fill=\"none\" xmlns=\"http:\/\/www.w3.org\/2000\/svg\">\n                                        <path d=\"M-0.000156792 8.92L-0.000156705 6.92L11.9998 6.92L6.49984 1.42L7.91984 -3.46194e-07L15.8398 7.92L7.91984 15.84L6.49984 14.42L11.9998 8.92L-0.000156792 8.92Z\" fill=\"#171818\"><\/path>\n                                    <\/svg>\n                                                                    <\/a>\n                            <\/div>\n                        <\/div>\n                                                <div class=\"thmv-column image-alignment-alternate\">\n                                                       <div class=\"thmv-grid-img\">\n                                <a href=\"https:\/\/rubra.com\/de\/lynx-de\/einleitungstext-fuer-sammlungen\/\"><img loading=\"lazy\" decoding=\"async\" width=\"768\" height=\"432\" src=\"https:\/\/rubra.com\/wp-content\/uploads\/2025\/01\/collection-introduction-768x432.png\" class=\"attachment-medium_large size-medium_large wp-image-3333\" alt=\"\" srcset=\"https:\/\/rubra.com\/wp-content\/uploads\/2025\/01\/collection-introduction-768x432.png 768w, https:\/\/rubra.com\/wp-content\/uploads\/2025\/01\/collection-introduction-300x169.png 300w, https:\/\/rubra.com\/wp-content\/uploads\/2025\/01\/collection-introduction-53x30.png 53w, https:\/\/rubra.com\/wp-content\/uploads\/2025\/01\/collection-introduction-142x80.png 142w, https:\/\/rubra.com\/wp-content\/uploads\/2025\/01\/collection-introduction-394x222.png 394w, https:\/\/rubra.com\/wp-content\/uploads\/2025\/01\/collection-introduction.png 800w\" sizes=\"(max-width: 768px) 100vw, 768px\" \/><\/a>\n                            <\/div>\n                                                        <div class=\"thmv-info\">\n                                <div class=\"thmv-subheading\">\n                                                                                                         <\/div>\n                                                                <h3 class=\"post-title\"><a href=\"https:\/\/rubra.com\/de\/lynx-de\/einleitungstext-fuer-sammlungen\/\">Einleitungstext f\u00fcr Sammlungen<\/a><\/h3>\n                                <div class=\"entry-content\"><p>Du kannst nun f\u00fcr jede Sammlung eine Beschreibung speichern, die oberhalb der Eintr\u00e4ge angezeigt wird. Wenn du eine neue Sammlung erstellst, klicke auf den Link Bearbeiten rechts neben dem Titel Beschreibung unterhalb des Namens der Sammlung. Gib nun einen Beschreibungstext &hellip;<\/p><\/div>\n                                <a class=\"thmv-learn-btn thmv-w-100\" href=\"https:\/\/rubra.com\/de\/lynx-de\/einleitungstext-fuer-sammlungen\/\">Mehr lesen                                                                                                             <svg width=\"16\" height=\"16\" viewBox=\"0 0 16 16\" fill=\"none\" xmlns=\"http:\/\/www.w3.org\/2000\/svg\">\n                                        <path d=\"M-0.000156792 8.92L-0.000156705 6.92L11.9998 6.92L6.49984 1.42L7.91984 -3.46194e-07L15.8398 7.92L7.91984 15.84L6.49984 14.42L11.9998 8.92L-0.000156792 8.92Z\" fill=\"#171818\"><\/path>\n                                    <\/svg>\n                                                                    <\/a>\n                            <\/div>\n                        <\/div>\n                                                <div class=\"thmv-column image-alignment-alternate\">\n                                                       <div class=\"thmv-grid-img\">\n                                <a href=\"https:\/\/rubra.com\/de\/lynx-de\/standardeinstellungen-fuer-sammlungen\/\"><img loading=\"lazy\" decoding=\"async\" width=\"768\" height=\"432\" src=\"https:\/\/rubra.com\/wp-content\/uploads\/2025\/01\/default-settings-collections-768x432.png\" class=\"attachment-medium_large size-medium_large wp-image-3321\" alt=\"\" srcset=\"https:\/\/rubra.com\/wp-content\/uploads\/2025\/01\/default-settings-collections-768x432.png 768w, https:\/\/rubra.com\/wp-content\/uploads\/2025\/01\/default-settings-collections-300x169.png 300w, https:\/\/rubra.com\/wp-content\/uploads\/2025\/01\/default-settings-collections-53x30.png 53w, https:\/\/rubra.com\/wp-content\/uploads\/2025\/01\/default-settings-collections-142x80.png 142w, https:\/\/rubra.com\/wp-content\/uploads\/2025\/01\/default-settings-collections-394x222.png 394w, https:\/\/rubra.com\/wp-content\/uploads\/2025\/01\/default-settings-collections.png 800w\" sizes=\"(max-width: 768px) 100vw, 768px\" \/><\/a>\n                            <\/div>\n                                                        <div class=\"thmv-info\">\n                                <div class=\"thmv-subheading\">\n                                                                                                         <\/div>\n                                                                <h3 class=\"post-title\"><a href=\"https:\/\/rubra.com\/de\/lynx-de\/standardeinstellungen-fuer-sammlungen\/\">Standardeinstellungen f\u00fcr Sammlungen<\/a><\/h3>\n                                <div class=\"entry-content\"><p>Es ist jetzt m\u00f6glich, die Standardsortierung und das Layout f\u00fcr jede Sammlung und Untersammlung zu definieren. Wenn du eine neue Sammlung erstellst, klicke rechts neben dem Titel Standardsortierung oder Standardlayout auf Bearbeiten. Speichere die gew\u00fcnschten Optionen und klicke dann auf &hellip;<\/p><\/div>\n                                <a class=\"thmv-learn-btn thmv-w-100\" href=\"https:\/\/rubra.com\/de\/lynx-de\/standardeinstellungen-fuer-sammlungen\/\">Mehr lesen                                                                                                             <svg width=\"16\" height=\"16\" viewBox=\"0 0 16 16\" fill=\"none\" xmlns=\"http:\/\/www.w3.org\/2000\/svg\">\n                                        <path d=\"M-0.000156792 8.92L-0.000156705 6.92L11.9998 6.92L6.49984 1.42L7.91984 -3.46194e-07L15.8398 7.92L7.91984 15.84L6.49984 14.42L11.9998 8.92L-0.000156792 8.92Z\" fill=\"#171818\"><\/path>\n                                    <\/svg>\n                                                                    <\/a>\n                            <\/div>\n                        <\/div>\n                                                <div class=\"thmv-column image-alignment-alternate\">\n                                                       <div class=\"thmv-grid-img\">\n                                <a href=\"https:\/\/rubra.com\/de\/lynx-de\/verschieben-von-objekten-aus-einer-sammlung-in-eine-andere-sammlung\/\"><img loading=\"lazy\" decoding=\"async\" width=\"768\" height=\"432\" src=\"https:\/\/rubra.com\/wp-content\/uploads\/2025\/01\/moving-collection-to-collection-768x432.png\" class=\"attachment-medium_large size-medium_large wp-image-3310\" alt=\"\" srcset=\"https:\/\/rubra.com\/wp-content\/uploads\/2025\/01\/moving-collection-to-collection-768x432.png 768w, https:\/\/rubra.com\/wp-content\/uploads\/2025\/01\/moving-collection-to-collection-300x169.png 300w, https:\/\/rubra.com\/wp-content\/uploads\/2025\/01\/moving-collection-to-collection-53x30.png 53w, https:\/\/rubra.com\/wp-content\/uploads\/2025\/01\/moving-collection-to-collection-142x80.png 142w, https:\/\/rubra.com\/wp-content\/uploads\/2025\/01\/moving-collection-to-collection-394x222.png 394w, https:\/\/rubra.com\/wp-content\/uploads\/2025\/01\/moving-collection-to-collection.png 800w\" sizes=\"(max-width: 768px) 100vw, 768px\" \/><\/a>\n                            <\/div>\n                                                        <div class=\"thmv-info\">\n                                <div class=\"thmv-subheading\">\n                                                                                                         <\/div>\n                                                                <h3 class=\"post-title\"><a href=\"https:\/\/rubra.com\/de\/lynx-de\/verschieben-von-objekten-aus-einer-sammlung-in-eine-andere-sammlung\/\">Verschieben von Objekten aus einer Sammlung in eine andere Sammlung<\/a><\/h3>\n                                <div class=\"entry-content\"><p>Wenn du einen oder mehrere Eintr\u00e4ge aus einer Sammlung in eine oder mehrere andere Sammlungen verschieben m\u00f6chtest, kannst du dies jetzt ganz einfach tun. Bisher musstest du die Eintr\u00e4ge zun\u00e4chst in die unsortierten Eintr\u00e4ge verschieben und sie erst dann in &hellip;<\/p><\/div>\n                                <a class=\"thmv-learn-btn thmv-w-100\" href=\"https:\/\/rubra.com\/de\/lynx-de\/verschieben-von-objekten-aus-einer-sammlung-in-eine-andere-sammlung\/\">Mehr lesen                                                                                                             <svg width=\"16\" height=\"16\" viewBox=\"0 0 16 16\" fill=\"none\" xmlns=\"http:\/\/www.w3.org\/2000\/svg\">\n                                        <path d=\"M-0.000156792 8.92L-0.000156705 6.92L11.9998 6.92L6.49984 1.42L7.91984 -3.46194e-07L15.8398 7.92L7.91984 15.84L6.49984 14.42L11.9998 8.92L-0.000156792 8.92Z\" fill=\"#171818\"><\/path>\n                                    <\/svg>\n                                                                    <\/a>\n                            <\/div>\n                        <\/div>\n                                                <div class=\"thmv-column image-alignment-alternate\">\n                                                       <div class=\"thmv-grid-img\">\n                                <a href=\"https:\/\/rubra.com\/de\/lynx-de\/ungelesene-kommentare-in-geteilten-sammlungen-anzeigen\/\"><img loading=\"lazy\" decoding=\"async\" width=\"768\" height=\"432\" src=\"https:\/\/rubra.com\/wp-content\/uploads\/2025\/01\/indicate-unread-768x432.png\" class=\"attachment-medium_large size-medium_large wp-image-3307\" alt=\"\" srcset=\"https:\/\/rubra.com\/wp-content\/uploads\/2025\/01\/indicate-unread-768x432.png 768w, https:\/\/rubra.com\/wp-content\/uploads\/2025\/01\/indicate-unread-300x169.png 300w, https:\/\/rubra.com\/wp-content\/uploads\/2025\/01\/indicate-unread-53x30.png 53w, https:\/\/rubra.com\/wp-content\/uploads\/2025\/01\/indicate-unread-142x80.png 142w, https:\/\/rubra.com\/wp-content\/uploads\/2025\/01\/indicate-unread-394x222.png 394w, https:\/\/rubra.com\/wp-content\/uploads\/2025\/01\/indicate-unread.png 800w\" sizes=\"(max-width: 768px) 100vw, 768px\" \/><\/a>\n                            <\/div>\n                                                        <div class=\"thmv-info\">\n                                <div class=\"thmv-subheading\">\n                                                                                                         <\/div>\n                                                                <h3 class=\"post-title\"><a href=\"https:\/\/rubra.com\/de\/lynx-de\/ungelesene-kommentare-in-geteilten-sammlungen-anzeigen\/\">Ungelesene Kommentare in geteilten Sammlungen anzeigen<\/a><\/h3>\n                                <div class=\"entry-content\"><p>Wenn du einen Kommentar in einer geteilten Sammlung \u00fcbersehen hast, wird er jetzt entsprechend angezeigt. Alle Eintr\u00e4ge mit ungelesenen Kommentaren werden hervorgehoben.<\/p><\/div>\n                                <a class=\"thmv-learn-btn thmv-w-100\" href=\"https:\/\/rubra.com\/de\/lynx-de\/ungelesene-kommentare-in-geteilten-sammlungen-anzeigen\/\">Mehr lesen                                                                                                             <svg width=\"16\" height=\"16\" viewBox=\"0 0 16 16\" fill=\"none\" xmlns=\"http:\/\/www.w3.org\/2000\/svg\">\n                                        <path d=\"M-0.000156792 8.92L-0.000156705 6.92L11.9998 6.92L6.49984 1.42L7.91984 -3.46194e-07L15.8398 7.92L7.91984 15.84L6.49984 14.42L11.9998 8.92L-0.000156792 8.92Z\" fill=\"#171818\"><\/path>\n                                    <\/svg>\n                                                                    <\/a>\n                            <\/div>\n                        <\/div>\n                                            <\/div>\n                                        <!--- Post-style-1 start end--->\n                \t\t<\/div>\n\t\t\t\t<\/div>\n\t\t\t\t\t<\/div>\n\t\t\t\t<\/div>\n\t\t\t\t\t<\/div>\n\t\t\t\t<\/div>\n\t\t\t\t<\/div>\n\t\t","protected":false},"excerpt":{"rendered":"<p>Lynx Update (1.3.0) 18. Februar, 2025 Alle paar Monate aktualisieren wir rubra, um die Funktionalit\u00e4t und Benutzerfreundlichkeit zu verbessern, damit du rubra noch besser in deinem t\u00e4glichen Leben nutzen kannst. Lese im Folgenden, was dieses Update beinhaltet. Sub-collections To sort &hellip; <a href=\"https:\/\/rubra.com\/de\/lynx-de\/ungelesene-kommentare-in-geteilten-sammlungen-anzeigen\/\">Read More<\/a><\/p>\n","protected":false},"author":1,"featured_media":2987,"parent":0,"menu_order":0,"comment_status":"closed","ping_status":"closed","template":"","meta":{"footnotes":""},"class_list":["post-2456","page","type-page","status-publish","has-post-thumbnail","hentry"],"_links":{"self":[{"href":"https:\/\/rubra.com\/de\/wp-json\/wp\/v2\/pages\/2456","targetHints":{"allow":["GET"]}}],"collection":[{"href":"https:\/\/rubra.com\/de\/wp-json\/wp\/v2\/pages"}],"about":[{"href":"https:\/\/rubra.com\/de\/wp-json\/wp\/v2\/types\/page"}],"author":[{"embeddable":true,"href":"https:\/\/rubra.com\/de\/wp-json\/wp\/v2\/users\/1"}],"replies":[{"embeddable":true,"href":"https:\/\/rubra.com\/de\/wp-json\/wp\/v2\/comments?post=2456"}],"version-history":[{"count":25,"href":"https:\/\/rubra.com\/de\/wp-json\/wp\/v2\/pages\/2456\/revisions"}],"predecessor-version":[{"id":3447,"href":"https:\/\/rubra.com\/de\/wp-json\/wp\/v2\/pages\/2456\/revisions\/3447"}],"wp:featuredmedia":[{"embeddable":true,"href":"https:\/\/rubra.com\/de\/wp-json\/wp\/v2\/media\/2987"}],"wp:attachment":[{"href":"https:\/\/rubra.com\/de\/wp-json\/wp\/v2\/media?parent=2456"}],"curies":[{"name":"wp","href":"https:\/\/api.w.org\/{rel}","templated":true}]}}