{"id":2460,"date":"2024-04-03T08:01:50","date_gmt":"2024-04-03T08:01:50","guid":{"rendered":"https:\/\/resources.rubra.com\/allgemeine-geschaeftsbedingungen-agb\/"},"modified":"2024-04-04T11:36:30","modified_gmt":"2024-04-04T11:36:30","slug":"allgemeine-geschaeftsbedingungen-agb","status":"publish","type":"page","link":"https:\/\/rubra.com\/de\/allgemeine-geschaeftsbedingungen-agb\/","title":{"rendered":"Allgemeine Gesch\u00e4ftsbedingungen (AGB)"},"content":{"rendered":"\t\t<div data-elementor-type=\"wp-page\" data-elementor-id=\"2460\" class=\"elementor elementor-2460 elementor-2164\">\n\t\t\t\t<div class=\"elementor-element elementor-element-1fe64a8 e-flex e-con-boxed e-con e-parent\" data-id=\"1fe64a8\" data-element_type=\"container\" data-core-v316-plus=\"true\">\n\t\t\t\t\t<div class=\"e-con-inner\">\n\t\t<div class=\"elementor-element elementor-element-9eba295 e-flex e-con-boxed e-con e-child\" data-id=\"9eba295\" data-element_type=\"container\">\n\t\t\t\t\t<div class=\"e-con-inner\">\n\t\t\t\t<div class=\"elementor-element elementor-element-cd10508 elementor-widget elementor-widget-text-editor\" data-id=\"cd10508\" data-element_type=\"widget\" data-widget_type=\"text-editor.default\">\n\t\t\t\t<div class=\"elementor-widget-container\">\n\t\t\t<style>\/*! elementor - v3.20.0 - 20-03-2024 *\/\n.elementor-widget-text-editor.elementor-drop-cap-view-stacked .elementor-drop-cap{background-color:#69727d;color:#fff}.elementor-widget-text-editor.elementor-drop-cap-view-framed .elementor-drop-cap{color:#69727d;border:3px solid;background-color:transparent}.elementor-widget-text-editor:not(.elementor-drop-cap-view-default) .elementor-drop-cap{margin-top:8px}.elementor-widget-text-editor:not(.elementor-drop-cap-view-default) .elementor-drop-cap-letter{width:1em;height:1em}.elementor-widget-text-editor .elementor-drop-cap{float:left;text-align:center;line-height:1;font-size:50px}.elementor-widget-text-editor .elementor-drop-cap-letter{display:inline-block}<\/style>\t\t\t\t<p data-v-3e033a56=\"\"><strong data-v-3e033a56=\"\">Stand<\/strong> 1. M\u00e4rz 2023<\/p><p data-v-3e033a56=\"\"><strong data-v-3e033a56=\"\">rubra<\/strong> ist ein Angebot der schweizerischen <strong data-v-3e033a56=\"\"><a class=\"\" href=\"\/de\/impressum\" data-v-3e033a56=\"\">rubra AG<\/a><\/strong> (nachfolgend die \u00ab<strong data-v-3e033a56=\"\">Anbieterin<\/strong>\u00bb) f\u00fcr das Entdecken, Sammeln und Teilen von Inhalten im digitalen Raum.<\/p><p data-v-3e033a56=\"\">Diese <strong data-v-3e033a56=\"\">Allgemeinen Gesch\u00e4ftsbedingungen (AGB)<\/strong> regeln die Rechte und Pflichten der Anbieterin sowie der Nutzerinnen und Nutzer von rubra. Diese AGB gelten f\u00fcr jede Nutzung von rubra. Nutzerinnen und Nutzer, welche mit diesen AGB nicht einverstanden sind, d\u00fcrfen rubra nicht nutzen. Abweichungen von diesen AGB m\u00fcssen ausdr\u00fccklich von rubra genehmigt werden.<\/p><p data-v-3e033a56=\"\">F\u00fcr einzelne oder zus\u00e4tzliche Funktionen und Leistungen k\u00f6nnen erg\u00e4nzende oder weitere Bedingungen bestehen. F\u00fcr Funktionen und Leistungen von Dritten wie App-Store-Betreibern und Browser-Herstellern gelten deren Bedingungen. Die deutschsprachige Fassung dieser AGB ist massgebend. Fassungen in anderen Sprachen dienen lediglich der unverbindlichen Information.<\/p><p data-v-3e033a56=\"\">Informationen zur Verarbeitung personenbezogener Daten sowie zu den Rechten von Personen, deren Daten im Zusammenhang mit rubra verarbeitet werden, finden Sie in der <a class=\"\" href=\"https:\/\/resources.rubra.com\/privacy-policy\/\" data-v-3e033a56=\"\">Datenschutzerkl\u00e4rung<\/a>. Die Datenschutzerkl\u00e4rung dient ausschliesslich der M\u00f6glichkeit, dass sich betroffene Personen informieren k\u00f6nnen. Die Datenschutzerkl\u00e4rung begr\u00fcndet keine Einwilligungen oder Pflichten der betroffenen Personen.<\/p>\t\t\t\t\t\t<\/div>\n\t\t\t\t<\/div>\n\t\t\t\t<div class=\"elementor-element elementor-element-50a6dbd elementor-widget elementor-widget-heading\" data-id=\"50a6dbd\" data-element_type=\"widget\" data-widget_type=\"heading.default\">\n\t\t\t\t<div class=\"elementor-widget-container\">\n\t\t\t<style>\/*! elementor - v3.20.0 - 20-03-2024 *\/\n.elementor-heading-title{padding:0;margin:0;line-height:1}.elementor-widget-heading .elementor-heading-title[class*=elementor-size-]>a{color:inherit;font-size:inherit;line-height:inherit}.elementor-widget-heading .elementor-heading-title.elementor-size-small{font-size:15px}.elementor-widget-heading .elementor-heading-title.elementor-size-medium{font-size:19px}.elementor-widget-heading .elementor-heading-title.elementor-size-large{font-size:29px}.elementor-widget-heading .elementor-heading-title.elementor-size-xl{font-size:39px}.elementor-widget-heading .elementor-heading-title.elementor-size-xxl{font-size:59px}<\/style><h5 class=\"elementor-heading-title elementor-size-default\">1. Nutzung<\/h5>\t\t<\/div>\n\t\t\t\t<\/div>\n\t\t\t\t<div class=\"elementor-element elementor-element-57b7cd3 elementor-widget elementor-widget-text-editor\" data-id=\"57b7cd3\" data-element_type=\"widget\" data-widget_type=\"text-editor.default\">\n\t\t\t\t<div class=\"elementor-widget-container\">\n\t\t\t\t\t\t\t<h6>1.1<\/h6>\n<p data-v-3e033a56=\"\">Die Anbieterin stellt rubra auf Zusehen hin zur Verf\u00fcgung. Der Funktions- und Leistungsumfang von rubra ergibt sich aus den jeweils verf\u00fcgbaren Funktionen und Leistungen. Die Anbieterin kann den Funktions- und Leistungsumfang jederzeit anpassen, den Betrieb von rubra ganz oder teilweise einstellen sowie den Zugang gegen\u00fcber einzelnen Nutzerinnen und Nutzern einschr\u00e4nken oder verweigern. Die Anbieterin kann jederzeit vorsehen, dass alle oder einzelne Funktionen und Leistungen kostenpflichtig sind.   <\/p>\n<h6>1.2<\/h6>\n<p data-v-3e033a56=\"\">Die Nutzung von rubra ist auf nat\u00fcrliche Personen, die unbeschr\u00e4nkt handlungsf\u00e4hig und vollj\u00e4hrig sind oder mit der Zustimmung der Tr\u00e4ger der elterlichen oder erwachsenenrechtlichen Verantwortung handeln, beschr\u00e4nkt.<\/p>\n<h6>1.3<\/h6>\n<p data-v-3e033a56=\"\">Die Nutzung von rubra ist auf den bestimmungsgem\u00e4ssen eigenen und nicht gewerbsm\u00e4ssigen Gebrauch der Nutzerinnen und Nutzer beschr\u00e4nkt. Nutzerinnen und Nutzer sind verpflichtet, rubra ausschliesslich rechtskonform zu nutzen, insbesondere in urheberrechtlicher Hinsicht. <\/p>\n<h6>1.4<\/h6>\n<p data-v-3e033a56=\"\">Die Nutzung von rubra durch Personen, die mit Sanktionen durch Beh\u00f6rden oder internationale Organisationen belegt sind, ist untersagt. Die Anbieterin kann die zul\u00e4ssige Nutzung von rubra jederzeit, im eigenen Ermessen und ohne Angabe von Gr\u00fcnden ausdr\u00fccklich auf bestimmte Personen, Rechtsordnungen oder Regionen beschr\u00e4nken. <\/p>\n<h6>1.5<\/h6>\n<p data-v-3e033a56=\"\">Die Anbieterin kann vorsehen, dass f\u00fcr rubra aktuelle oder anderweitig definierte Versionen von Apps, Betriebssystemen, Browsern, Browser-Erweiterungen und sonstiger Software verwendet werden m\u00fcssen. Die Aktualisierung von Software obliegt den Nutzerinnen und Nutzern. <\/p>\n<h6>1.6<\/h6>\n<p data-v-3e033a56=\"\">Nutzerinnen und Nutzer m\u00fcssen \u00fcber einen ausreichenden Internet-Zugang verf\u00fcgen, Apps und Browser-Erweiterungen installieren sowie auf Websites zugreifen k\u00f6nnen, um rubra in vollem Umfang nutzen zu k\u00f6nnen. Nutzerinnen und Nutzer sind selbst daf\u00fcr verantwortlich, rubra gem\u00e4ss den gesetzlichen und sonstigen Vorgaben gem\u00e4ss dem jeweils anwendbaren Recht zu nutzen. Solche Vorgaben k\u00f6nnen Beschr\u00e4nkungen der Einfuhr und Ausfuhr von G\u00fctern in bestimmte L\u00e4nder betreffen.  <\/p>\n\t\t\t\t\t\t<\/div>\n\t\t\t\t<\/div>\n\t\t\t\t<div class=\"elementor-element elementor-element-66993a1 elementor-widget elementor-widget-heading\" data-id=\"66993a1\" data-element_type=\"widget\" data-widget_type=\"heading.default\">\n\t\t\t\t<div class=\"elementor-widget-container\">\n\t\t\t<h5 class=\"elementor-heading-title elementor-size-default\">2. Lizenz<\/h5>\t\t<\/div>\n\t\t\t\t<\/div>\n\t\t\t\t<div class=\"elementor-element elementor-element-20304ca elementor-widget elementor-widget-text-editor\" data-id=\"20304ca\" data-element_type=\"widget\" data-widget_type=\"text-editor.default\">\n\t\t\t\t<div class=\"elementor-widget-container\">\n\t\t\t\t\t\t\t<h6>2.1<\/h6>\n<p data-v-3e033a56=\"\">Die Anbieterin gew\u00e4hrt Nutzerinnen und Nutzern eine beschr\u00e4nkte, nicht ausschliessliche, nicht abtretbare, nicht \u00fcbertragbare, nicht unterlizenzierbare und nicht gewerbsm\u00e4ssige Lizenz f\u00fcr die Nutzung von rubra. Die Lizenz ist auf den Zweck oder die Zwecke gem\u00e4ss diesen AGB beschr\u00e4nkt. S\u00e4mtliche weiteren Rechte an rubra verbleiben bei der Anbieterin.  <\/p>\n<h6>2.2<\/h6>\n<p data-v-3e033a56=\"\">Die gewerbsm\u00e4ssige Nutzung von rubra muss ausdr\u00fccklich von der Anbieterin genehmigt werden.<\/p>\n<h6>2.3<\/h6>\n<p data-v-3e033a56=\"\">Die Anbieterin kann bei einer Verletzung dieser AGB oder bei einer nicht rechtm\u00e4ssigen Nutzung von rubra sowie bei einem entsprechenden Verdacht die Lizenz jederzeit dauerhaft oder zeitweise entziehen. F\u00fcr Nutzerinnen und Nutzer, welche diese AGB nicht einhalten, erlischt die Lizenz in jedem Fall automatisch. <\/p>\n\t\t\t\t\t\t<\/div>\n\t\t\t\t<\/div>\n\t\t\t\t<div class=\"elementor-element elementor-element-cd7d617 elementor-widget elementor-widget-heading\" data-id=\"cd7d617\" data-element_type=\"widget\" data-widget_type=\"heading.default\">\n\t\t\t\t<div class=\"elementor-widget-container\">\n\t\t\t<h5 class=\"elementor-heading-title elementor-size-default\">3. Nutzerkonto<\/h5>\t\t<\/div>\n\t\t\t\t<\/div>\n\t\t\t\t<div class=\"elementor-element elementor-element-669fd8a elementor-widget elementor-widget-text-editor\" data-id=\"669fd8a\" data-element_type=\"widget\" data-widget_type=\"text-editor.default\">\n\t\t\t\t<div class=\"elementor-widget-container\">\n\t\t\t\t\t\t\t<h6>3.1<\/h6>\n<p data-v-3e033a56=\"\">Die Anbieterin kann f\u00fcr die Nutzung von rubra oder f\u00fcr die Nutzung von einzelnen Funktionen und Leistungen eine obligatorische Registrierung f\u00fcr ein Nutzerkonto vorsehen. Die Anbieterin kann ausschliesslich oder erg\u00e4nzend Registrierungsdienste von Dritten verwenden. Es gelten die Bedingungen solcher Registrierungsdienste.  <\/p>\n\n<h6>3.2<\/h6>\n<p data-v-3e033a56=\"\">Die Anbieterin informiert Nutzerinnen und Nutzer \u00fcber die jeweils erforderlichen Angaben f\u00fcr ein Nutzerkonto bei rubra. Die Registrierung mit falschen, fiktiven oder irref\u00fchrenden Angaben ist untersagt. Die Registrierung mit irref\u00fchrenden Nutzernamen ist untersagt. Die Anbieterin kann Angaben von Nutzerinnen und Nutzern jederzeit pr\u00fcfen oder durch Dritte pr\u00fcfen lassen. Nutzerinnen und Nutzer sind verpflichtet, ihre Angaben jederzeit aktuell, korrekt und vollst\u00e4ndig zu halten.    <\/p>\n\n<h6>3.3<\/h6>\n<p data-v-3e033a56=\"\">Registrierte Nutzerinnen und Nutzer sind verpflichtet, ihre Zugangsdaten zu ihrem Nutzerkonto vertraulich zu behandeln und ausschliesslich f\u00fcr ihre eigenen Zwecke zu verwenden. Registrierte Nutzerinnen und Nutzer sind f\u00fcr s\u00e4mtliche Aktivit\u00e4ten im Zusammenhang mit ihrem Nutzerkonto verantwortlich. <\/p>\n\n<h6>3.4<\/h6>\n<p data-v-3e033a56=\"\">Die Anbieterin darf Nutzerkonten jederzeit im eigenen Ermessen und ohne Angabe von Gr\u00fcnden einschr\u00e4nken oder l\u00f6schen.<\/p>\n\n<h6>3.5<\/h6>\n<p data-v-3e033a56=\"\">Der automatisierte Zugriff auf rubra, beispielsweise mit Bots, Skripten oder vergleichbaren Mitteln, ist untersagt. Die Anbieterin kann Schnittstellen f\u00fcr den Zugriff auf rubra zur Verf\u00fcgung stellen, beispielsweise ein Application Programming Interface (API). <\/p>\n\n<h6>3.6<\/h6>\n<p data-v-3e033a56=\"\">Die Anbieterin kann bei einer Verletzung dieser AGB oder bei einer nicht rechtm\u00e4ssigen Nutzung von rubra sowie einem entsprechenden Verdacht den Zugriff auf rubra jederzeit dauerhaft oder zeitweise verweigern. Die Anbieterin kann betroffene Nutzerinnen und Nutzer im eigenen Ermessen abmahnen, ist aber nicht dazu verpflichtet. <\/p>\t\t\t\t\t\t<\/div>\n\t\t\t\t<\/div>\n\t\t\t\t<div class=\"elementor-element elementor-element-1600a44 elementor-widget elementor-widget-heading\" data-id=\"1600a44\" data-element_type=\"widget\" data-widget_type=\"heading.default\">\n\t\t\t\t<div class=\"elementor-widget-container\">\n\t\t\t<h5 class=\"elementor-heading-title elementor-size-default\">4. Kommunikation<\/h5>\t\t<\/div>\n\t\t\t\t<\/div>\n\t\t\t\t<div class=\"elementor-element elementor-element-f6d6249 elementor-widget elementor-widget-text-editor\" data-id=\"f6d6249\" data-element_type=\"widget\" data-widget_type=\"text-editor.default\">\n\t\t\t\t<div class=\"elementor-widget-container\">\n\t\t\t\t\t\t\t<p data-v-3e033a56=\"\">Die Anbieterin darf Nutzerinnen und Nutzer per Briefpost, E-Mail, Instant-Messaging, SMS und sonstige Kommunikationskan\u00e4le mit Benachrichtigungen und Mitteilungen im Zusammenhang mit rubra informieren und kontaktieren. Nutzerinnen und Nutzer k\u00f6nnen dem Empfang solcher Benachrichtigungen und Mitteilungen jederzeit widersprechen. Davon ausgenommen sind Benachrichtigungen und Mitteilungen, welche f\u00fcr die Nutzung von rubra erforderlich sind.  <\/p>\n\t\t\t\t\t\t<\/div>\n\t\t\t\t<\/div>\n\t\t\t\t<div class=\"elementor-element elementor-element-539c6ca elementor-widget elementor-widget-heading\" data-id=\"539c6ca\" data-element_type=\"widget\" data-widget_type=\"heading.default\">\n\t\t\t\t<div class=\"elementor-widget-container\">\n\t\t\t<h5 class=\"elementor-heading-title elementor-size-default\">5. Daten<\/h5>\t\t<\/div>\n\t\t\t\t<\/div>\n\t\t\t\t<div class=\"elementor-element elementor-element-c5e840f elementor-widget elementor-widget-text-editor\" data-id=\"c5e840f\" data-element_type=\"widget\" data-widget_type=\"text-editor.default\">\n\t\t\t\t<div class=\"elementor-widget-container\">\n\t\t\t\t\t\t\t<h6>5.1<\/h6>\n<p data-v-3e033a56=\"\">Die Anbieterin darf Daten \u00fcber Nutzerinnen und Nutzer f\u00fcr den Zweck oder die Zwecke gem\u00e4ss Funktions- und Leistungsumfang und in jedem sonstigen aktuellen oder k\u00fcnftigen Zusammenhang mit rubra bearbeiten. Die Anbieterin darf insbesondere Werbung aufgrund von Daten \u00fcber Nutzerinnen und Nutzer anzeigen. <\/p>\n<h6>5.2<\/h6>\n<p data-v-3e033a56=\"\">Die Anbieterin darf Daten von Nutzerinnen und Nutzern f\u00fcr eigene berechtigte, sicherheitsrelevante, statistische, technische oder wirtschaftliche Zwecke bearbeiten.<\/p>\n\t\t\t\t\t\t<\/div>\n\t\t\t\t<\/div>\n\t\t\t\t<div class=\"elementor-element elementor-element-1a54c4b elementor-widget elementor-widget-heading\" data-id=\"1a54c4b\" data-element_type=\"widget\" data-widget_type=\"heading.default\">\n\t\t\t\t<div class=\"elementor-widget-container\">\n\t\t\t<h5 class=\"elementor-heading-title elementor-size-default\">6. Inhalte und Verhalten von Nutzerinnen und Nutzern<\/h5>\t\t<\/div>\n\t\t\t\t<\/div>\n\t\t\t\t<div class=\"elementor-element elementor-element-d63ea46 elementor-widget elementor-widget-text-editor\" data-id=\"d63ea46\" data-element_type=\"widget\" data-widget_type=\"text-editor.default\">\n\t\t\t\t<div class=\"elementor-widget-container\">\n\t\t\t\t\t\t\t<h6>6.1<\/h6>\n<p data-v-3e033a56=\"\">Nutzerinnen und Nutzer d\u00fcrfen ausschliesslich Inhalte mit rubra sammeln und teilen, die rechtskonform sind. Das Sammeln und Teilen sowie sonstige Verhalten muss ebenfalls rechtskonform sein. Allein die Nutzerinnen und Nutzer sind f\u00fcr ihre Inhalte verantwortlich. Nutzerinnen und Nutzer d\u00fcrfen insbesondere keine diskriminierenden, falschen, gewaltverherrlichenden, irref\u00fchrenden, rassistischen, sch\u00e4dlichen, strafbaren oder unsicheren Inhalte sammeln und teilen. Die Nutzung von rubra f\u00fcr unerw\u00fcnschte oder anderweitig unzul\u00e4ssige Werbung ist untersagt.    <\/p>\n<h6>6.2<\/h6>\n<p data-v-3e033a56=\"\">Nutzerinnen und Nutzer d\u00fcrfen keine Inhalte mit rubra sammeln und teilen, die Immaterialg\u00fcterrechte, Pers\u00f6nlichkeitsrechte oder sonstige Rechte Dritter verletzen, beispielsweise Bilder oder Texte, welche das Recht am eigenen Bild, das Recht am eigenen Wort oder das Urheberrecht Dritter verletzen. Das Sammeln und Teilen sowie sonstige Verhalten darf ebenfalls nicht rechtsverletzend sein. Nutzerinnen und Nutzer m\u00fcssen im Zweifelsfall davon ausgehen, dass Inhalte der Anbieterin, von anderen Nutzerinnen und Nutzern sowie von Dritten urheberrechtlich und anderweitig gesch\u00fctzt sind. Nutzerinnen und Nutzer m\u00fcssen im Zweifelsfall vorg\u00e4ngig die ausdr\u00fcckliche und nachweisbare Einwilligung der jeweiligen Inhaberinnen und Inhaber von Urheberrechten und sonstigen Rechten an Inhalten einholen.   <\/p>\n<h6>6.3<\/h6>\n<p data-v-3e033a56=\"\">Die Anbieterin muss das Verhalten von Nutzerinnen und Nutzern bei rubra nicht \u00fcberwachen. Die Anbieterin muss insbesondere keine Inhalte von Nutzerinnen und Nutzern vorsorglich auf ihre Rechtm\u00e4ssigkeit oder sonstige Zul\u00e4ssigkeit \u00fcberpr\u00fcfen. Die Anbieterin \u00fcbernimmt keinerlei Gew\u00e4hr f\u00fcr Inhalte von Nutzerinnen und Nutzern. Die Anbieterin darf Inhalte von Nutzerinnen und Nutzer jederzeit im eigenen Ermessen und ohne Angabe von Gr\u00fcnden anpassen, erg\u00e4nzen oder l\u00f6schen.   <\/p>\n<h6>6.4<\/h6>\n<p data-v-3e033a56=\"\">Die Inhaberinnen und Inhaber von Rechten an Inhalten von Nutzerinnen und Nutzern bei rubra k\u00f6nnen jederzeit das <a class=\"\" href=\"https:\/\/rubra.com\/infringement-report\" data-v-3e033a56=\"\">Meldeformular<\/a> f\u00fcr Rechtsverletzungen nutzen. Bei Anfragen, Beschwerden oder sonstigen Hinweisen auf mutmasslich nicht rechtskonforme oder anderweitig nicht zul\u00e4ssige Inhalte oder vergleichbares Verhalten darf die Anbieterin die Inhalte von Nutzerinnen und Nutzern pr\u00fcfen. Die Anbieterin entscheidet im eigenen Ermessen und ohne Angabe von Gr\u00fcnden \u00fcber Massnahmen aufgrund von Hinweisen. Die Anbieterin kann insbesondere Inhalte l\u00f6schen, Nutzerinnen und Nutzer informieren oder rechtliche Schritte wie die Meldung an zust\u00e4ndige Beh\u00f6rden wie Strafverfolgungsbeh\u00f6rden ergreifen.  <\/p>\n\t\t\t\t\t\t<\/div>\n\t\t\t\t<\/div>\n\t\t\t\t<div class=\"elementor-element elementor-element-c97bbf1 elementor-widget elementor-widget-heading\" data-id=\"c97bbf1\" data-element_type=\"widget\" data-widget_type=\"heading.default\">\n\t\t\t\t<div class=\"elementor-widget-container\">\n\t\t\t<h5 class=\"elementor-heading-title elementor-size-default\">7. Freistellung<\/h5>\t\t<\/div>\n\t\t\t\t<\/div>\n\t\t\t\t<div class=\"elementor-element elementor-element-5a46a3e elementor-widget elementor-widget-text-editor\" data-id=\"5a46a3e\" data-element_type=\"widget\" data-widget_type=\"text-editor.default\">\n\t\t\t\t<div class=\"elementor-widget-container\">\n\t\t\t\t\t\t\t<h6>7.1<\/h6>\n<p data-v-3e033a56=\"\">Nutzerinnen und Nutzer haften gegen\u00fcber der Anbieterin und allf\u00e4lligen Dritten ausdr\u00fccklich und vollumf\u00e4nglich f\u00fcr s\u00e4mtliche direkten und indirekten Kosten sowie f\u00fcr Sch\u00e4den, welche aufgrund von Verletzungen dieser AGB oder aufgrund einer nicht rechtskonformen oder anderweitig unzul\u00e4ssigen Nutzung von rubra entstehen. Diese Haftung gilt unabh\u00e4ngig vom Verschulden. Die Haftung umfasst auch die Schadloshaltung f\u00fcr Anspr\u00fcche anderer Nutzerinnen und Nutzer sowie allf\u00e4lliger Dritter.  <\/p>\n<h6>7.2<\/h6>\n<p data-v-3e033a56=\"\">Nutzerinnen und Nutzer stellen die Anbieterin von s\u00e4mtlichen Anspr\u00fcchen anderer Nutzerinnen und Nutzer sowie allf\u00e4lliger Dritter frei und sind verpflichtet, s\u00e4mtliche Kosten einschliesslich Anwalts- und Gerichtskosten sowie direkte und indirekte Sch\u00e4den der Anbieterin in diesem Zusammenhang zu tragen. Nutzerinnen und Nutzer sind verpflichtet, die Anbieterin bei der Abwehr von Anspr\u00fcchen anderer Nutzerinnen und Nutzer sowie allf\u00e4lliger Dritter gem\u00e4ss Anweisungen der Anbieterin zu unterst\u00fctzen. <\/p>\n\t\t\t\t\t\t<\/div>\n\t\t\t\t<\/div>\n\t\t\t\t<div class=\"elementor-element elementor-element-ad36233 elementor-widget elementor-widget-heading\" data-id=\"ad36233\" data-element_type=\"widget\" data-widget_type=\"heading.default\">\n\t\t\t\t<div class=\"elementor-widget-container\">\n\t\t\t<h5 class=\"elementor-heading-title elementor-size-default\">8. Gew\u00e4hrleistung und Haftung<\/h5>\t\t<\/div>\n\t\t\t\t<\/div>\n\t\t\t\t<div class=\"elementor-element elementor-element-41ad312 elementor-widget elementor-widget-text-editor\" data-id=\"41ad312\" data-element_type=\"widget\" data-widget_type=\"text-editor.default\">\n\t\t\t\t<div class=\"elementor-widget-container\">\n\t\t\t\t\t\t\t<h6>8.1<\/h6>\n<p data-v-3e033a56=\"\">Die Anbieterin betreibt rubra fachgerecht und sorgf\u00e4ltig. Rubra kann dennoch jederzeit teilweise oder vollst\u00e4ndig zeitweise nicht verf\u00fcgbar sein, insbesondere aus technischen Gr\u00fcnden oder aufgrund von Wartungsarbeiten. Die Anbieterin bem\u00fcht sich um eine m\u00f6glichst hohe Verf\u00fcgbarkeit. Die Anbieterin \u00fcbernimmt aber keine Gew\u00e4hrleistung f\u00fcr Funktionen und Leistungen sowie f\u00fcr die Verf\u00fcgbarkeit von rubra.   <\/p>\n<h6>8.2<\/h6>\n<p data-v-3e033a56=\"\">Die Anbieterin haftet ausschliesslich f\u00fcr direkte Sch\u00e4den, die durch eigene grobfahrl\u00e4ssige oder vors\u00e4tzliche Handlungen verursacht wurden. Jegliche weitere Haftung der Anbieterin f\u00fcr direkte Sch\u00e4den, insbesondere bei leichter und mittlerer Fahrl\u00e4ssigkeit, ist ausdr\u00fccklich und vollumf\u00e4nglich ausgeschlossen. Jegliche Haftung der Anbieterin f\u00fcr indirekte Sch\u00e4den und M\u00e4ngelfolgesch\u00e4den, f\u00fcr Datenverlust, f\u00fcr Anspr\u00fcche anderer Nutzerinnen und Nutzer oder allf\u00e4lliger Dritter sowie f\u00fcr entgangenen Gewinn ist ausdr\u00fccklich und vollumf\u00e4nglich ausgeschlossen. Jegliche Haftung f\u00fcr Hilfspersonen, Mitarbeiter oder Gesch\u00e4ftsleitungs- und Verwaltungsratsmitglieder der Anbieterin wird wegbedungen.   <\/p>\n<h6>8.3<\/h6>\n<p data-v-3e033a56=\"\">Die Anbieterin haftet nicht, wenn die sich aus diesen AGB ergebenden Pflichten auf Grund h\u00f6herer Gewalt nur teilweise oder nicht vollst\u00e4ndig erf\u00fcllt werden. Als h\u00f6here Gewalt gelten insbesondere Blitzeinschl\u00e4ge und Br\u00e4nde, \u00dcberschwemmungen und sonstige Naturkatastrophen, magnetische St\u00fcrme, unvorhergesehene Witterungseinfl\u00fcsse, Streiks, Attentate, Explosionen und Terroranschl\u00e4ge, Aufst\u00e4nde, Kriege und Unruhen, Epidemien und Pandemien, Nuklearunf\u00e4lle, die Beschr\u00e4nkung oder Unterbrechung der Stromversorgung und von Telekommunikationsdiensten, IT-Sicherheitsvorf\u00e4lle sowie beh\u00f6rdliche angeordnete Verbote. Die SARS-CoV-2-Pandemie und ihre Folgen gelten ausdr\u00fccklich als h\u00f6here Gewalt.  <\/p>\n<h6>8.4<\/h6>\n<p data-v-3e033a56=\"\">Die Beschr\u00e4nkung der Gew\u00e4hrleistung und Haftung gem\u00e4ss diesen AGB gilt unabh\u00e4ngig vom jeweiligen Rechtsgrund. Eine allenfalls weitergehende zwingende Haftung, insbesondere f\u00fcr grobfahrl\u00e4ssige oder vors\u00e4tzliche Handlungen sowie gem\u00e4ss anwendbarem Datenschutzrecht, bleibt vorbehalten. <\/p>\n\t\t\t\t\t\t<\/div>\n\t\t\t\t<\/div>\n\t\t\t\t<div class=\"elementor-element elementor-element-bce1a58 elementor-widget elementor-widget-heading\" data-id=\"bce1a58\" data-element_type=\"widget\" data-widget_type=\"heading.default\">\n\t\t\t\t<div class=\"elementor-widget-container\">\n\t\t\t<h5 class=\"elementor-heading-title elementor-size-default\">9. Schlussbestimmungen<\/h5>\t\t<\/div>\n\t\t\t\t<\/div>\n\t\t\t\t<div class=\"elementor-element elementor-element-aa8da3d elementor-widget elementor-widget-text-editor\" data-id=\"aa8da3d\" data-element_type=\"widget\" data-widget_type=\"text-editor.default\">\n\t\t\t\t<div class=\"elementor-widget-container\">\n\t\t\t\t\t\t\t<h6>9.1<\/h6>\n<p data-v-3e033a56=\"\">Die Anbieterin kann rubra ganz oder teilweise durch oder gemeinsam mit Dritten betreiben lassen oder betreiben. Die Anbieterin darf Rechte und Pflichten im Zusammenhang mit rubra an solche Dritte einr\u00e4umen oder \u00fcbertragen. <\/p>\n<h6>9.2<\/h6>\n<p data-v-3e033a56=\"\">Die Anbieterin kann diese AGB jederzeit und ohne Angabe von Gr\u00fcnden anpassen. Nutzerinnen und Nutzer werden in geeigneter Art und Weise \u00fcber massgebliche \u00c4nderungen dieser AGB informiert. F\u00fcr die Nutzung gelten jeweils die AGB gem\u00e4ss Ver\u00f6ffentlichung auf der Website der Anbieterin.  <\/p>\n<h6>9.3<\/h6>\n<p data-v-3e033a56=\"\">Sollte sich eine Bestimmung dieser AGB als unerf\u00fcllbar, ung\u00fcltig oder unwirksam erweisen, so soll dadurch die Erf\u00fcllbarkeit, G\u00fcltigkeit und Wirksamkeit der \u00fcbrigen Bestimmungen nicht beeintr\u00e4chtigt werden. In diesem Fall sind die Parteien verpflichtet, die unerf\u00fcllbare, ung\u00fcltige oder unwirksame Bestimmung durch eine erf\u00fcllbare, g\u00fcltige oder wirksame Bestimmung zu ersetzen, die inhaltlich und wirtschaftlich der urspr\u00fcnglichen Absicht der Parteien am n\u00e4chsten kommt. <\/p>\n<h6>9.4<\/h6>\n<p data-v-3e033a56=\"\">Diese AGB unterstehen ausschliesslich schweizerischem Recht mit ausschliesslichem Erf\u00fcllungsort und Gerichtsstand am Sitz der Anbieterin. Das \u00dcbereinkommen der Vereinten Nationen \u00fcber Vertr\u00e4ge \u00fcber den internationalen Warenkauf findet keine Anwendung. <\/p>\n\t\t\t\t\t\t<\/div>\n\t\t\t\t<\/div>\n\t\t\t\t\t<\/div>\n\t\t\t\t<\/div>\n\t\t\t\t\t<\/div>\n\t\t\t\t<\/div>\n\t\t\t\t<\/div>\n\t\t","protected":false},"excerpt":{"rendered":"<p>Stand 1. M\u00e4rz 2023 rubra ist ein Angebot der schweizerischen rubra AG (nachfolgend die \u00abAnbieterin\u00bb) f\u00fcr das Entdecken, Sammeln und Teilen von Inhalten im digitalen Raum. Diese Allgemeinen Gesch\u00e4ftsbedingungen (AGB) regeln die Rechte und Pflichten der Anbieterin sowie der Nutzerinnen &hellip; <a href=\"https:\/\/rubra.com\/de\/allgemeine-geschaeftsbedingungen-agb\/\">Read More<\/a><\/p>\n","protected":false},"author":1,"featured_media":0,"parent":0,"menu_order":0,"comment_status":"closed","ping_status":"closed","template":"","meta":{"footnotes":""},"class_list":["post-2460","page","type-page","status-publish","hentry"],"_links":{"self":[{"href":"https:\/\/rubra.com\/de\/wp-json\/wp\/v2\/pages\/2460","targetHints":{"allow":["GET"]}}],"collection":[{"href":"https:\/\/rubra.com\/de\/wp-json\/wp\/v2\/pages"}],"about":[{"href":"https:\/\/rubra.com\/de\/wp-json\/wp\/v2\/types\/page"}],"author":[{"embeddable":true,"href":"https:\/\/rubra.com\/de\/wp-json\/wp\/v2\/users\/1"}],"replies":[{"embeddable":true,"href":"https:\/\/rubra.com\/de\/wp-json\/wp\/v2\/comments?post=2460"}],"version-history":[{"count":4,"href":"https:\/\/rubra.com\/de\/wp-json\/wp\/v2\/pages\/2460\/revisions"}],"predecessor-version":[{"id":2475,"href":"https:\/\/rubra.com\/de\/wp-json\/wp\/v2\/pages\/2460\/revisions\/2475"}],"wp:attachment":[{"href":"https:\/\/rubra.com\/de\/wp-json\/wp\/v2\/media?parent=2460"}],"curies":[{"name":"wp","href":"https:\/\/api.w.org\/{rel}","templated":true}]}}