{"id":2466,"date":"2024-04-03T08:21:42","date_gmt":"2024-04-03T08:21:42","guid":{"rendered":"https:\/\/resources.rubra.com\/impressum\/"},"modified":"2024-04-04T11:32:36","modified_gmt":"2024-04-04T11:32:36","slug":"impressum","status":"publish","type":"page","link":"https:\/\/rubra.com\/de\/impressum\/","title":{"rendered":"Impressum"},"content":{"rendered":"\t\t<div data-elementor-type=\"wp-page\" data-elementor-id=\"2466\" class=\"elementor elementor-2466 elementor-2193\">\n\t\t\t\t<div class=\"elementor-element elementor-element-cc4d502 e-flex e-con-boxed e-con e-parent\" data-id=\"cc4d502\" data-element_type=\"container\" data-core-v316-plus=\"true\">\n\t\t\t\t\t<div class=\"e-con-inner\">\n\t\t<div class=\"elementor-element elementor-element-2910f28 e-flex e-con-boxed e-con e-child\" data-id=\"2910f28\" data-element_type=\"container\">\n\t\t\t\t\t<div class=\"e-con-inner\">\n\t\t\t\t<div class=\"elementor-element elementor-element-059eb55 elementor-widget elementor-widget-text-editor\" data-id=\"059eb55\" data-element_type=\"widget\" data-widget_type=\"text-editor.default\">\n\t\t\t\t<div class=\"elementor-widget-container\">\n\t\t\t<style>\/*! elementor - v3.20.0 - 20-03-2024 *\/\n.elementor-widget-text-editor.elementor-drop-cap-view-stacked .elementor-drop-cap{background-color:#69727d;color:#fff}.elementor-widget-text-editor.elementor-drop-cap-view-framed .elementor-drop-cap{color:#69727d;border:3px solid;background-color:transparent}.elementor-widget-text-editor:not(.elementor-drop-cap-view-default) .elementor-drop-cap{margin-top:8px}.elementor-widget-text-editor:not(.elementor-drop-cap-view-default) .elementor-drop-cap-letter{width:1em;height:1em}.elementor-widget-text-editor .elementor-drop-cap{float:left;text-align:center;line-height:1;font-size:50px}.elementor-widget-text-editor .elementor-drop-cap-letter{display:inline-block}<\/style>\t\t\t\t<p data-v-3d35aa7c=\"\"><strong id=\"responsibility\" data-v-3d35aa7c=\"\">rubra ag<\/strong><br data-v-3d35aa7c=\"\">L\u00f6wenstrasse 3<br data-v-3d35aa7c=\"\">8001 Z\u00fcrich<br data-v-3d35aa7c=\"\">Schweiz<\/p>\n<p data-v-3d35aa7c=\"\">E-Mail <a href=\"mailto:info@rubra.com\" data-v-3d35aa7c=\"\">info@rubra.com<\/a><\/p>\n<p data-v-3d35aa7c=\"\">Die rubra ag ist eine Aktiengesellschaft (AG) nach schweizerischem Recht mit Eintrag im Handelsregister des Kantons Z\u00fcrich (UID CHE-378.746.357). Die schweizerische Mehrwertsteuernummer der rubra ag lautet CHE-378.746.357 MWST. <\/p>\n<p data-v-3d35aa7c=\"\">Die Vertretung der rubra ag nach aussen obliegt Franz Josef D\u2019Huc (Verwaltungsratspr\u00e4sident), Sandro Albin (Verwaltungsratsmitglied) und Michel Lazecki (Verwaltungsratsmitglied) jeweils mit Kollektivunterschrift zu zweien.<\/p>\n<p data-v-3d35aa7c=\"\">Die rubra ag widerspricht der Verwendung s\u00e4mtlicher Kontaktadressen, die auf dieser Website ver\u00f6ffentlicht sind, f\u00fcr Werbung.<\/p>\n\t\t\t\t\t\t<\/div>\n\t\t\t\t<\/div>\n\t\t\t\t\t<\/div>\n\t\t\t\t<\/div>\n\t\t\t\t\t<\/div>\n\t\t\t\t<\/div>\n\t\t\t\t<\/div>\n\t\t","protected":false},"excerpt":{"rendered":"<p>rubra agL\u00f6wenstrasse 38001 Z\u00fcrichSchweiz E-Mail info@rubra.com Die rubra ag ist eine Aktiengesellschaft (AG) nach schweizerischem Recht mit Eintrag im Handelsregister des Kantons Z\u00fcrich (UID CHE-378.746.357). Die schweizerische Mehrwertsteuernummer der rubra ag lautet CHE-378.746.357 MWST. Die Vertretung der rubra ag nach &hellip; <a href=\"https:\/\/rubra.com\/de\/impressum\/\">Read More<\/a><\/p>\n","protected":false},"author":1,"featured_media":0,"parent":0,"menu_order":0,"comment_status":"closed","ping_status":"closed","template":"","meta":{"footnotes":""},"class_list":["post-2466","page","type-page","status-publish","hentry"],"_links":{"self":[{"href":"https:\/\/rubra.com\/de\/wp-json\/wp\/v2\/pages\/2466","targetHints":{"allow":["GET"]}}],"collection":[{"href":"https:\/\/rubra.com\/de\/wp-json\/wp\/v2\/pages"}],"about":[{"href":"https:\/\/rubra.com\/de\/wp-json\/wp\/v2\/types\/page"}],"author":[{"embeddable":true,"href":"https:\/\/rubra.com\/de\/wp-json\/wp\/v2\/users\/1"}],"replies":[{"embeddable":true,"href":"https:\/\/rubra.com\/de\/wp-json\/wp\/v2\/comments?post=2466"}],"version-history":[{"count":3,"href":"https:\/\/rubra.com\/de\/wp-json\/wp\/v2\/pages\/2466\/revisions"}],"predecessor-version":[{"id":2469,"href":"https:\/\/rubra.com\/de\/wp-json\/wp\/v2\/pages\/2466\/revisions\/2469"}],"wp:attachment":[{"href":"https:\/\/rubra.com\/de\/wp-json\/wp\/v2\/media?parent=2466"}],"curies":[{"name":"wp","href":"https:\/\/api.w.org\/{rel}","templated":true}]}}