{"id":2991,"date":"2024-04-03T08:49:40","date_gmt":"2024-04-03T08:49:40","guid":{"rendered":"https:\/\/rubra.com\/meldeformular-fuer-rechtsverletzungen\/"},"modified":"2024-05-13T14:26:12","modified_gmt":"2024-05-13T14:26:12","slug":"meldeformular-fuer-rechtsverletzungen","status":"publish","type":"page","link":"https:\/\/rubra.com\/de\/meldeformular-fuer-rechtsverletzungen\/","title":{"rendered":"Meldeformular f\u00fcr Rechtsverletzungen"},"content":{"rendered":"\t\t<div data-elementor-type=\"wp-page\" data-elementor-id=\"2991\" class=\"elementor elementor-2991 elementor-2230\">\n\t\t\t\t<div class=\"elementor-element elementor-element-f594dee e-flex e-con-boxed e-con e-parent\" data-id=\"f594dee\" data-element_type=\"container\" data-core-v316-plus=\"true\">\n\t\t\t\t\t<div class=\"e-con-inner\">\n\t\t<div class=\"elementor-element elementor-element-f291c99 e-flex e-con-boxed e-con e-child\" data-id=\"f291c99\" data-element_type=\"container\">\n\t\t\t\t\t<div class=\"e-con-inner\">\n\t\t\t\t<div class=\"elementor-element elementor-element-481ab76 elementor-widget elementor-widget-text-editor\" data-id=\"481ab76\" data-element_type=\"widget\" data-widget_type=\"text-editor.default\">\n\t\t\t\t<div class=\"elementor-widget-container\">\n\t\t\t<style>\/*! elementor - v3.20.0 - 20-03-2024 *\/\n.elementor-widget-text-editor.elementor-drop-cap-view-stacked .elementor-drop-cap{background-color:#69727d;color:#fff}.elementor-widget-text-editor.elementor-drop-cap-view-framed .elementor-drop-cap{color:#69727d;border:3px solid;background-color:transparent}.elementor-widget-text-editor:not(.elementor-drop-cap-view-default) .elementor-drop-cap{margin-top:8px}.elementor-widget-text-editor:not(.elementor-drop-cap-view-default) .elementor-drop-cap-letter{width:1em;height:1em}.elementor-widget-text-editor .elementor-drop-cap{float:left;text-align:center;line-height:1;font-size:50px}.elementor-widget-text-editor .elementor-drop-cap-letter{display:inline-block}<\/style>\t\t\t\t<p>Sie k\u00f6nnen das untenstehende Formular verwenden, um zu melden, dass Sie von einer Rechtsverletzung durch Inhalte von Nutzern bei rubra betroffen sind.<\/p>\n<p>Wir werden Ihren Bericht pr\u00fcfen und nach eigenem Ermessen \u00fcber weitere Massnahmen entscheiden. Wir werden Ihren Bericht nach den Massst\u00e4ben juristischer Laien pr\u00fcfen. Insbesondere k\u00f6nnen wir die betroffenen Nutzer \u00fcber Ihre Beschwerde informieren oder unsere eigenen Massnahmen ergreifen. Unsere <a class=\"\" href=\"https:\/\/rubra.com\/de\/allgemeine-geschaeftsbedingungen-agb\/\" data-v-ddb1e9e3=\"\">Allgemeinen<\/a> Gesch\u00e4ftsbedingungen (AGB) bilden die Grundlage f\u00fcr unser Handeln.<\/p>\n<p>Wir k\u00f6nnen Ihren Bericht nur pr\u00fcfen, wenn wir alle erforderlichen Informationen von Ihnen erhalten, die Sie in dem unten stehenden Formular angeben. Alternativ k\u00f6nnen Sie sich auch per E-Mail an <a href=\"mailto:legal@rubra.com\" target=\"_blank\" rel=\"noopener\" data-v-ddb1e9e3=\"\">legal@rubra.com<\/a> mit denselben Informationen an uns wenden.<\/p>\n\t\t\t\t\t\t<\/div>\n\t\t\t\t<\/div>\n\t\t\t\t\t<\/div>\n\t\t\t\t<\/div>\n\t\t\t\t\t<\/div>\n\t\t\t\t<\/div>\n\t\t<div class=\"elementor-element elementor-element-66b3ea8 e-flex e-con-boxed e-con e-parent\" data-id=\"66b3ea8\" data-element_type=\"container\" data-core-v316-plus=\"true\">\n\t\t\t\t\t<div class=\"e-con-inner\">\n\t\t<div class=\"elementor-element elementor-element-7acd568 e-flex e-con-boxed e-con e-child\" data-id=\"7acd568\" data-element_type=\"container\">\n\t\t\t\t\t<div class=\"e-con-inner\">\n\t\t\t\t<div class=\"elementor-element elementor-element-7138b6a elementor-widget elementor-widget-themo-formidable-form\" data-id=\"7138b6a\" data-element_type=\"widget\" data-widget_type=\"themo-formidable-form.default\">\n\t\t\t\t<div class=\"elementor-widget-container\">\n\t\t\t            <div class=\"th-fo-form  th-centered th-form-default  th-btn-form btn-standard-primary-form\"><div class=\"frm_forms  with_frm_style frm_style_formidable-style\" id=\"frm_form_4_container\" data-token=\"0d273e7babfcd44d613ebf134ead4383\">\n<form enctype=\"multipart\/form-data\" method=\"post\" class=\"frm-show-form  frm_js_validate \" id=\"form_brqio\"  data-token=\"0d273e7babfcd44d613ebf134ead4383\">\n<div class=\"frm_form_fields \">\n<fieldset>\n<legend class=\"frm_screen_reader\">Infringement Reporting Form<\/legend>\r\n\r\n<div class=\"frm_fields_container\">\n<input type=\"hidden\" name=\"frm_action\" value=\"create\" \/>\n<input type=\"hidden\" name=\"form_id\" value=\"4\" \/>\n<input type=\"hidden\" name=\"frm_hide_fields_4\" id=\"frm_hide_fields_4\" value=\"\" \/>\n<input type=\"hidden\" name=\"form_key\" value=\"brqio\" \/>\n<input type=\"hidden\" name=\"item_meta[0]\" value=\"\" \/>\n<input type=\"hidden\" id=\"frm_submit_entry_4\" name=\"frm_submit_entry_4\" value=\"d20a94d8d2\" \/><input type=\"hidden\" name=\"_wp_http_referer\" value=\"\/de\/wp-json\/wp\/v2\/pages\/2991\" \/><div id=\"frm_field_16_container\" class=\"frm_form_field form-field  frm_required_field frm_top_container\">\n    <label for=\"field_dxm5w\" id=\"field_dxm5w_label\" class=\"frm_primary_label\">First name and last name \/ Company\n        <span class=\"frm_required\" aria-hidden=\"true\">*<\/span>\n    <\/label>\n    <input type=\"text\" id=\"field_dxm5w\" name=\"item_meta[16]\" value=\"\"  data-reqmsg=\"First name and last name \/ Company cannot be blank.\" aria-required=\"true\" data-invmsg=\"First name and last name \/ Company is invalid\" aria-invalid=\"false\"  \/>\n    \n    \n<\/div>\n<div id=\"frm_field_17_container\" class=\"frm_form_field form-field  frm_required_field frm_top_container\">\n    <label for=\"field_shq3d\" id=\"field_shq3d_label\" class=\"frm_primary_label\">Postal address\n        <span class=\"frm_required\" aria-hidden=\"true\">*<\/span>\n    <\/label>\n    <input type=\"text\" id=\"field_shq3d\" name=\"item_meta[17]\" value=\"\"  data-reqmsg=\"Postal address cannot be blank.\" aria-required=\"true\" data-invmsg=\"Postal address is invalid\" aria-invalid=\"false\"  \/>\n    \n    \n<\/div>\n<div id=\"frm_field_18_container\" class=\"frm_form_field form-field  frm_required_field frm_top_container\">\n    <label for=\"field_uxavh\" id=\"field_uxavh_label\" class=\"frm_primary_label\">E-mail address\n        <span class=\"frm_required\" aria-hidden=\"true\">*<\/span>\n    <\/label>\n    <input type=\"email\" id=\"field_uxavh\" name=\"item_meta[18]\" value=\"\"  data-reqmsg=\"E-mail address cannot be blank.\" aria-required=\"true\" data-invmsg=\"E-mail address is invalid\" aria-invalid=\"false\"  \/>\n    \n    \n<\/div>\n<div id=\"frm_field_19_container\" class=\"frm_form_field form-field  frm_required_field frm_top_container\">\n    <label for=\"field_pdkgl\" id=\"field_pdkgl_label\" class=\"frm_primary_label\">Representative (if any)\n        <span class=\"frm_required\" aria-hidden=\"true\">*<\/span>\n    <\/label>\n    <input type=\"text\" id=\"field_pdkgl\" name=\"item_meta[19]\" value=\"\"  data-reqmsg=\"Representative (if any) cannot be blank.\" aria-required=\"true\" data-invmsg=\"Representative (if any) is invalid\" aria-invalid=\"false\"  \/>\n    \n    \n<\/div>\n<div id=\"frm_field_20_container\" class=\"frm_form_field form-field  frm_required_field frm_top_container\">\n    <label for=\"field_zwe5d\" id=\"field_zwe5d_label\" class=\"frm_primary_label\">Description why the reporting party is particularly affected (except for official offenses)\n        <span class=\"frm_required\" aria-hidden=\"true\">*<\/span>\n    <\/label>\n    <textarea name=\"item_meta[20]\" id=\"field_zwe5d\" rows=\"5\"  data-reqmsg=\"Description why the reporting party is particularly affected (except for official offenses) cannot be blank.\" aria-required=\"true\" data-invmsg=\"Description why the reporting party is particularly affected (except for official offenses) ist ung\u00fcltig\" aria-invalid=\"false\"  ><\/textarea>\n    \n    \n<\/div>\n<div id=\"frm_field_21_container\" class=\"frm_form_field form-field  frm_required_field frm_top_container\">\n    <label for=\"field_dpfzb\" id=\"field_dpfzb_label\" class=\"frm_primary_label\">Internet address or other location of the alleged infringement\n        <span class=\"frm_required\" aria-hidden=\"true\">*<\/span>\n    <\/label>\n    <input type=\"url\" id=\"field_dpfzb\" name=\"item_meta[21]\" value=\"\"  placeholder=\"https:\/\/\" data-reqmsg=\"Internet address or other location of the alleged infringement cannot be blank.\" aria-required=\"true\" data-invmsg=\"Internet address or other location of the alleged infringement is invalid\" aria-invalid=\"false\"  \/>\n    \n    \n<\/div>\n<div id=\"frm_field_22_container\" class=\"frm_form_field form-field  frm_required_field frm_top_container\">\n    <label for=\"field_cyoym\" id=\"field_cyoym_label\" class=\"frm_primary_label\">Precise description of the alleged infringing content\n        <span class=\"frm_required\" aria-hidden=\"true\">*<\/span>\n    <\/label>\n    <textarea name=\"item_meta[22]\" id=\"field_cyoym\" rows=\"5\"  data-reqmsg=\"Precise description of the alleged infringing content cannot be blank.\" aria-required=\"true\" data-invmsg=\"Precise description of the alleged infringing content ist ung\u00fcltig\" aria-invalid=\"false\"  ><\/textarea>\n    \n    \n<\/div>\n<div id=\"frm_field_23_container\" class=\"frm_form_field form-field  frm_required_field frm_top_container\">\n    <label for=\"field_fje7l\" id=\"field_fje7l_label\" class=\"frm_primary_label\">Reason why the content is constituting an infringement\n        <span class=\"frm_required\" aria-hidden=\"true\">*<\/span>\n    <\/label>\n    <textarea name=\"item_meta[23]\" id=\"field_fje7l\" rows=\"5\"  data-reqmsg=\"Reason why the content is constituting an infringement cannot be blank.\" aria-required=\"true\" data-invmsg=\"Reason why the content is constituting an infringement ist ung\u00fcltig\" aria-invalid=\"false\"  ><\/textarea>\n    \n    \n<\/div>\n<div id=\"frm_field_24_container\" class=\"frm_form_field form-field  frm_required_field frm_top_container vertical_radio\">\n    <div  id=\"field_yugn2_label\" class=\"frm_primary_label\">\n        <span class=\"frm_required\" aria-hidden=\"true\">*<\/span>\n    <\/div>\n    <div class=\"frm_opt_container\" aria-labelledby=\"field_yugn2_label\" role=\"group\">\t\t<div class=\"frm_checkbox\" id=\"frm_checkbox_24-0\"><label for=\"field_yugn2-0\"><input type=\"checkbox\" name=\"item_meta[24][]\" id=\"field_yugn2-0\" value=\"I confirm that the information in this report is accurate and that I am authorized to file this report.\"  data-reqmsg=\"Dieses Feld cannot be blank.\" data-invmsg=\"Dieses Feld ist ung\u00fcltig\" aria-invalid=\"false\"   aria-required=\"true\"  \/> I confirm that the information in this report is accurate and that I am authorized to file this report.<\/label><\/div>\n\t\t<div class=\"frm_checkbox\" id=\"frm_checkbox_24-1\"><label for=\"field_yugn2-1\"><input type=\"checkbox\" name=\"item_meta[24][]\" id=\"field_yugn2-1\" value=\"I acknowledge that rubra will not be able to review my report if I have not fully completed the form and provided all required information.\"  data-reqmsg=\"Dieses Feld cannot be blank.\" data-invmsg=\"Dieses Feld ist ung\u00fcltig\" aria-invalid=\"false\"   \/> I acknowledge that rubra will not be able to review my report if I have not fully completed the form and provided all required information.<\/label><\/div>\n<\/div>\n    \n    \n<\/div>\n\t<input type=\"hidden\" name=\"item_key\" value=\"\" \/>\n\t\t\t\t<div class=\"frm__65fc38add9c83\">\n\t\t\t\t<label for=\"frm_email_4\" >\n\t\t\t\t\tFalls Du menschlich bist, lasse dieses Feld leer.\t\t\t\t<\/label>\n\t\t\t\t<input  id=\"frm_email_4\" type=\"text\" class=\"frm_verify\" name=\"frm__65fc38add9c83\" value=\"\" autocomplete=\"false\"  \/>\n\t\t\t<\/div>\n\t\t<div class=\"frm_submit frm_flex\">\r\n<button class=\"frm_button_submit\" type=\"submit\"  >Submit<\/button>\r\n\r\n\r\n\r\n<\/div><\/div>\n<\/fieldset>\n<\/div>\n<\/form>\n<\/div>\n<\/div>\n            \t\t<\/div>\n\t\t\t\t<\/div>\n\t\t\t\t\t<\/div>\n\t\t\t\t<\/div>\n\t\t\t\t\t<\/div>\n\t\t\t\t<\/div>\n\t\t\t\t<\/div>\n\t\t","protected":false},"excerpt":{"rendered":"<p>Sie k\u00f6nnen das untenstehende Formular verwenden, um zu melden, dass Sie von einer Rechtsverletzung durch Inhalte von Nutzern bei rubra betroffen sind. Wir werden Ihren Bericht pr\u00fcfen und nach eigenem Ermessen \u00fcber weitere Massnahmen entscheiden. Wir werden Ihren Bericht nach &hellip; <a href=\"https:\/\/rubra.com\/de\/meldeformular-fuer-rechtsverletzungen\/\">Read More<\/a><\/p>\n","protected":false},"author":1,"featured_media":0,"parent":0,"menu_order":0,"comment_status":"closed","ping_status":"closed","template":"","meta":{"footnotes":""},"class_list":["post-2991","page","type-page","status-publish","hentry"],"_links":{"self":[{"href":"https:\/\/rubra.com\/de\/wp-json\/wp\/v2\/pages\/2991","targetHints":{"allow":["GET"]}}],"collection":[{"href":"https:\/\/rubra.com\/de\/wp-json\/wp\/v2\/pages"}],"about":[{"href":"https:\/\/rubra.com\/de\/wp-json\/wp\/v2\/types\/page"}],"author":[{"embeddable":true,"href":"https:\/\/rubra.com\/de\/wp-json\/wp\/v2\/users\/1"}],"replies":[{"embeddable":true,"href":"https:\/\/rubra.com\/de\/wp-json\/wp\/v2\/comments?post=2991"}],"version-history":[{"count":2,"href":"https:\/\/rubra.com\/de\/wp-json\/wp\/v2\/pages\/2991\/revisions"}],"predecessor-version":[{"id":2993,"href":"https:\/\/rubra.com\/de\/wp-json\/wp\/v2\/pages\/2991\/revisions\/2993"}],"wp:attachment":[{"href":"https:\/\/rubra.com\/de\/wp-json\/wp\/v2\/media?parent=2991"}],"curies":[{"name":"wp","href":"https:\/\/api.w.org\/{rel}","templated":true}]}}